{"id":696,"date":"2025-01-10T13:24:23","date_gmt":"2025-01-10T13:24:23","guid":{"rendered":"https:\/\/feweb.com.br\/pv\/?page_id=696"},"modified":"2025-01-16T12:35:19","modified_gmt":"2025-01-16T12:35:19","slug":"politica-de-privacidade","status":"publish","type":"page","link":"https:\/\/feweb.com.br\/pv\/politica-de-privacidade\/","title":{"rendered":"Pol\u00edtica de Privacidade"},"content":{"rendered":"\t\t<div data-elementor-type=\"wp-page\" data-elementor-id=\"696\" class=\"elementor elementor-696\" data-elementor-post-type=\"page\">\n\t\t\t\t<div class=\"elementor-element elementor-element-7991c95 e-flex e-con-boxed e-con e-parent\" data-id=\"7991c95\" data-element_type=\"container\" data-settings=\"{&quot;background_background&quot;:&quot;classic&quot;}\">\n\t\t\t\t\t<div class=\"e-con-inner\">\n\t\t<div class=\"elementor-element elementor-element-9ec99af e-con-full e-flex e-con e-child\" data-id=\"9ec99af\" data-element_type=\"container\" data-settings=\"{&quot;background_background&quot;:&quot;classic&quot;}\">\n\t\t<div class=\"elementor-element elementor-element-bfc97b8 e-con-full e-flex e-con e-child\" data-id=\"bfc97b8\" data-element_type=\"container\" data-settings=\"{&quot;background_background&quot;:&quot;gradient&quot;}\">\n\t\t\t\t<div class=\"elementor-element elementor-element-93ce4ce elementor-widget elementor-widget-heading\" data-id=\"93ce4ce\" data-element_type=\"widget\" data-widget_type=\"heading.default\">\n\t\t\t\t<div class=\"elementor-widget-container\">\n\t\t\t\t\t<h2 class=\"elementor-heading-title elementor-size-default\">Pol\u00edtica de Privacidade<\/h2>\t\t\t\t<\/div>\n\t\t\t\t<\/div>\n\t\t\t\t<\/div>\n\t\t<div class=\"elementor-element elementor-element-feed2d1 e-con-full e-flex elementor-invisible e-con e-child\" data-id=\"feed2d1\" data-element_type=\"container\" data-settings=\"{&quot;background_background&quot;:&quot;classic&quot;,&quot;animation&quot;:&quot;fadeIn&quot;}\">\n\t\t\t\t<div class=\"elementor-element elementor-element-8e85791 elementor-widget elementor-widget-text-editor\" data-id=\"8e85791\" data-element_type=\"widget\" data-widget_type=\"text-editor.default\">\n\t\t\t\t<div class=\"elementor-widget-container\">\n\t\t\t\t\t\t\t\t\t<p>A sua privacidade \u00e9 importante para mim e \u00e9 minha pol\u00edtica respeitar a sua privacidade em rela\u00e7\u00e3o a qualquer informa\u00e7\u00e3o sua que possa ser coletado no meu site.<\/p>\n<p>Solicitarei informa\u00e7\u00f5es pessoais apenas quando realmente preciso delas para lhe fornecer um servi\u00e7o e fa\u00e7o por meios justos e legais, com o seu conhecimento e consentimento. Tamb\u00e9m informo por que estou coletando e como ser\u00e1 usado.&nbsp;<\/p>\n<p>Apenas retenho as informa\u00e7\u00f5es coletadas pelo tempo necess\u00e1rio para fornecer o servi\u00e7o solicitado. Quando armazenados, os dados s\u00e3o protegidos em meios comercialmente aceit\u00e1veis para evitar perdas e roubos, bem como acesso, divulga\u00e7\u00e3o, c\u00f3pia, uso ou modifica\u00e7\u00e3o n\u00e3o autorizados.<\/p>\n<p>N\u00e3o compartilho informa\u00e7\u00f5es de identifica\u00e7\u00e3o pessoal publicamente ou com terceiros, exceto quando exigido por lei.&nbsp;<\/p>\n<p>O meu site pode ter links para sites externos que n\u00e3o s\u00e3o operados por mim. Esteja ciente de que n\u00e3o tenho controle sobre o conte\u00fado e pr\u00e1ticas desses sites e n\u00e3o me responsabilizo por suas pol\u00edticas de privacidade.&nbsp;<\/p>\n<p>Voc\u00ea \u00e9 livre para recusar a minha solicita\u00e7\u00e3o de informa\u00e7\u00f5es pessoais, entendendo que talvez eu n\u00e3o possa fornecer alguns dos servi\u00e7os desejados.&nbsp;<\/p>\n<p>O uso continuado do meu site ser\u00e1 <span class=\"error grammar\" title=\"Express\u00e3o desnecessariamente complexa. Considere substituir por \u201cconsiderado\u201d.\" data-type=\"grammar\" data-suggestions=\"[{&quot;value&quot;:&quot;considerado&quot;}]\" data-rule=\"WORDINESS\" data-word=\"considerado como\">considerado como<\/span> aceita\u00e7\u00e3o de minhas pr\u00e1ticas em torno de privacidade e informa\u00e7\u00f5es pessoais.&nbsp;<\/p>\t\t\t\t\t\t\t\t<\/div>\n\t\t\t\t<\/div>\n\t\t\t\t<div class=\"elementor-element elementor-element-47c87f5 elementor-widget elementor-widget-text-editor\" data-id=\"47c87f5\" data-element_type=\"widget\" data-widget_type=\"text-editor.default\">\n\t\t\t\t<div class=\"elementor-widget-container\">\n\t\t\t\t\t\t\t\t\t<p><span style=\"text-align: var(--text-align);\">Se voc\u00ea tiver alguma d\u00favida sobre como lido com dados do usu\u00e1rio e informa\u00e7\u00f5es pessoais<\/span><\/p>\t\t\t\t\t\t\t\t<\/div>\n\t\t\t\t<\/div>\n\t\t<div class=\"elementor-element elementor-element-3235530 e-con-full e-flex e-con e-child\" data-id=\"3235530\" data-element_type=\"container\">\n\t\t\t\t<div class=\"elementor-element elementor-element-f0a9e11 elementor-align-justify elementor-widget elementor-widget-button\" data-id=\"f0a9e11\" data-element_type=\"widget\" data-widget_type=\"button.default\">\n\t\t\t\t<div class=\"elementor-widget-container\">\n\t\t\t\t\t\t\t\t\t<div class=\"elementor-button-wrapper\">\n\t\t\t\t\t<a class=\"elementor-button elementor-button-link elementor-size-sm elementor-animation-pulse\" href=\"https:\/\/api.whatsapp.com\/send?phone=5582999405199&#038;text=Ol%C3%A1,%20li%20a%20Pol%C3%ADtica%20de%20Privacidade%20do%20seu%20site%20e%20ainda%20estou%20com%20d%C3%BAvida.\" target=\"_blank\">\n\t\t\t\t\t\t<span class=\"elementor-button-content-wrapper\">\n\t\t\t\t\t\t<span class=\"elementor-button-icon\">\n\t\t\t\t<svg aria-hidden=\"true\" class=\"e-font-icon-svg e-fas-arrow-right\" viewBox=\"0 0 448 512\" xmlns=\"http:\/\/www.w3.org\/2000\/svg\"><path d=\"M190.5 66.9l22.2-22.2c9.4-9.4 24.6-9.4 33.9 0L441 239c9.4 9.4 9.4 24.6 0 33.9L246.6 467.3c-9.4 9.4-24.6 9.4-33.9 0l-22.2-22.2c-9.5-9.5-9.3-25 .4-34.3L311.4 296H24c-13.3 0-24-10.7-24-24v-32c0-13.3 10.7-24 24-24h287.4L190.9 101.2c-9.8-9.3-10-24.8-.4-34.3z\"><\/path><\/svg>\t\t\t<\/span>\n\t\t\t\t\t\t\t\t\t<span class=\"elementor-button-text\">Entre em contato comigo <\/span>\n\t\t\t\t\t<\/span>\n\t\t\t\t\t<\/a>\n\t\t\t\t<\/div>\n\t\t\t\t\t\t\t\t<\/div>\n\t\t\t\t<\/div>\n\t\t\t\t<\/div>\n\t\t\t\t<div class=\"elementor-element elementor-element-7738058 elementor-widget elementor-widget-text-editor\" data-id=\"7738058\" data-element_type=\"widget\" data-widget_type=\"text-editor.default\">\n\t\t\t\t<div class=\"elementor-widget-container\">\n\t\t\t\t\t\t\t\t\t<p><strong style=\"color: #ffcc00; text-align: var(--text-align);\">Compromisso do Usu\u00e1rio\u00a0<\/strong><\/p><p><strong>O usu\u00e1rio se compromete a fazer uso adequado dos conte\u00fados e da informa\u00e7\u00e3o que o F\u00ea oferece no site e com car\u00e1ter enunciativo, mas n\u00e3o limitativo:\u00a0<\/strong><\/p><ol><li><strong>N\u00e3o<\/strong> se envolver em atividades que sejam ilegais ou contr\u00e1rias \u00e0 <span class=\"error grammar\" title=\"Esta palavra \u00e9 hifenizada.\" data-type=\"grammar\" data-suggestions=\"[{&quot;value&quot;:&quot;boa-f\u00e9&quot;}]\" data-rule=\"PT_COMPOUNDS_POST_REFORM_BOA_F\u00c9\" data-word=\"boa f\u00e9\">boa f\u00e9<\/span> e a ordem p\u00fablica;\u00a0<\/li><li><strong>N\u00e3o<\/strong> difundir propaganda ou conte\u00fado de natureza racista, xenof\u00f3bica, <span class=\"error misspelling\" title=\"Encontrado poss\u00edvel erro de ortografia.\" data-type=\"misspelling\" data-suggestions=\"[{&quot;value&quot;:&quot;bet\u00e3o&quot;},{&quot;value&quot;:&quot;metano&quot;},{&quot;value&quot;:&quot;t\u00e9tano&quot;},{&quot;value&quot;:&quot;vetado&quot;},{&quot;value&quot;:&quot;butano&quot;},{&quot;value&quot;:&quot;etano&quot;},{&quot;value&quot;:&quot;cetano&quot;}]\" data-rule=\"MORFOLOGIK_RULE_PT_BR\" data-word=\"betano\">betano<\/span> ou azar, qualquer tipo de pornografia ilegal, de apologia ao terrorismo ou contra os direitos humanos;\u00a0<\/li><li><strong>N\u00e3o<\/strong> causar danos aos sistemas f\u00edsicos (hardwares) e l\u00f3gicos (softwares) do <span class=\"error misspelling\" title=\"Encontrado poss\u00edvel erro de ortografia.\" data-type=\"misspelling\" data-suggestions=\"[{&quot;value&quot;:&quot;Feruer&quot;},{&quot;value&quot;:&quot;F\u00ea web&quot;}]\" data-rule=\"MORFOLOGIK_RULE_PT_BR\" data-word=\"F\u00eaweb\">F\u00eaweb<\/span>, de seus fornecedores ou terceiros, para introduzir ou disseminar v\u00edrus inform\u00e1ticos <span class=\"error grammar\" title=\"Conjun\u00e7\u00f5es alternativas ou disjuntivas devem ser separadas por v\u00edrgulas.\" data-type=\"grammar\" data-suggestions=\"[{&quot;value&quot;:&quot;ou quaisquer outros sistemas de hardware, ou&quot;}]\" data-rule=\"ALTERNATIVE_CONJUNCTIONS_COMMA\" data-word=\"ou quaisquer outros sistemas de hardware ou\">ou quaisquer outros sistemas de hardware ou<\/span> software que <span class=\"error grammar\" title=\"Para conferir mais clareza ao seu texto, busque usar uma linguagem mais concisa.\" data-type=\"grammar\" data-suggestions=\"[{&quot;value&quot;:&quot;consigam&quot;},{&quot;value&quot;:&quot;possam&quot;},{&quot;value&quot;:&quot;tenham o poder de&quot;}]\" data-rule=\"SER_CAPAZ_DE_CONSEGUIR\" data-word=\"sejam capazes de\">sejam capazes de<\/span> causar danos anteriormente mencionados.\u00a0<\/li><\/ol><p><span style=\"color: #ffcc00;\"><strong>\u00a0<\/strong><\/span><\/p><p><span style=\"color: #ffcc00;\"><strong>Mais informa\u00e7\u00f5es\u00a0<\/strong><\/span><\/p><p>Espero que esteja esclarecido e, como mencionado anteriormente, se houver algo que voc\u00ea n\u00e3o tem certeza se precisa ou n\u00e3o, geralmente \u00e9 mais seguro deixar os cookies ativados, caso interaja com um dos recursos que voc\u00ea usa em meu site. Esta pol\u00edtica \u00e9 efetiva a partir de <span class=\"error grammar\" title=\"Segundo o Acordo Ortogr\u00e1fico de 90, os meses e as esta\u00e7\u00f5es do ano deixam de ser capitalizados.\" data-type=\"grammar\" data-suggestions=\"[{&quot;value&quot;:&quot;janeiro&quot;}]\" data-rule=\"AO90_MONTHS_CASING\" data-word=\"Janeiro\">Janeiro<\/span> de 2025.<\/p>\t\t\t\t\t\t\t\t<\/div>\n\t\t\t\t<\/div>\n\t\t\t\t<\/div>\n\t\t\t\t<\/div>\n\t\t\t\t\t<\/div>\n\t\t\t\t<\/div>\n\t\t\t\t<\/div>\n\t\t","protected":false},"excerpt":{"rendered":"<p>Pol\u00edtica de Privacidade A sua privacidade \u00e9 importante para mim e \u00e9 minha pol\u00edtica respeitar a sua privacidade em rela\u00e7\u00e3o a qualquer informa\u00e7\u00e3o sua que possa ser coletado no meu site. Solicitarei informa\u00e7\u00f5es pessoais apenas quando realmente preciso delas para lhe fornecer um servi\u00e7o e fa\u00e7o por meios justos e legais, com o seu conhecimento [&hellip;]<\/p>\n","protected":false},"author":1,"featured_media":0,"parent":0,"menu_order":0,"comment_status":"closed","ping_status":"closed","template":"elementor_theme","meta":{"footnotes":""},"class_list":["post-696","page","type-page","status-publish","hentry"],"_links":{"self":[{"href":"https:\/\/feweb.com.br\/pv\/wp-json\/wp\/v2\/pages\/696","targetHints":{"allow":["GET"]}}],"collection":[{"href":"https:\/\/feweb.com.br\/pv\/wp-json\/wp\/v2\/pages"}],"about":[{"href":"https:\/\/feweb.com.br\/pv\/wp-json\/wp\/v2\/types\/page"}],"author":[{"embeddable":true,"href":"https:\/\/feweb.com.br\/pv\/wp-json\/wp\/v2\/users\/1"}],"replies":[{"embeddable":true,"href":"https:\/\/feweb.com.br\/pv\/wp-json\/wp\/v2\/comments?post=696"}],"version-history":[{"count":31,"href":"https:\/\/feweb.com.br\/pv\/wp-json\/wp\/v2\/pages\/696\/revisions"}],"predecessor-version":[{"id":1333,"href":"https:\/\/feweb.com.br\/pv\/wp-json\/wp\/v2\/pages\/696\/revisions\/1333"}],"wp:attachment":[{"href":"https:\/\/feweb.com.br\/pv\/wp-json\/wp\/v2\/media?parent=696"}],"curies":[{"name":"wp","href":"https:\/\/api.w.org\/{rel}","templated":true}]}}